{"id":23,"date":"2023-11-08T18:30:51","date_gmt":"2023-11-08T16:30:51","guid":{"rendered":"https:\/\/marimoilanen.fi\/?page_id=23"},"modified":"2025-11-04T12:42:12","modified_gmt":"2025-11-04T10:42:12","slug":"henkilokohtainen-erovalmennus","status":"publish","type":"page","link":"https:\/\/marimoilanen.fi\/index.php\/henkilokohtainen-erovalmennus\/","title":{"rendered":"Erovalmennus"},"content":{"rendered":"\n<div class=\"wp-block-columns is-layout-flex wp-container-core-columns-is-layout-9d6595d7 wp-block-columns-is-layout-flex\">\n<div class=\"wp-block-column is-layout-flow wp-block-column-is-layout-flow\"><div class=\"wp-block-image\">\n<figure class=\"aligncenter size-full\"><img fetchpriority=\"high\" decoding=\"async\" width=\"400\" height=\"500\" src=\"https:\/\/marimoilanen.fi\/wp-content\/uploads\/2024\/01\/Henkilokohtainen-rovalmennus-mari-moilanen-1.jpg\" alt=\"\" class=\"wp-image-179\" srcset=\"https:\/\/marimoilanen.fi\/wp-content\/uploads\/2024\/01\/Henkilokohtainen-rovalmennus-mari-moilanen-1.jpg 400w, https:\/\/marimoilanen.fi\/wp-content\/uploads\/2024\/01\/Henkilokohtainen-rovalmennus-mari-moilanen-1-240x300.jpg 240w\" sizes=\"(max-width: 400px) 100vw, 400px\" \/><\/figure>\n<\/div><\/div>\n\n\n\n<div class=\"wp-block-column is-layout-flow wp-block-column-is-layout-flow\">\n<p>Haluatko k\u00e4sitell\u00e4 menneen parisuhteesi ja erosi?<br><br>Haluatko p\u00e4\u00e4st\u00e4 irti ex-kumppanistasi ja siirty\u00e4 eteenp\u00e4in el\u00e4m\u00e4ss\u00e4si?<br><br>Haluatko apua kipeiden ja vaikeiden tunteiden kanssa?<\/p>\n\n\n\n<p>Haluatko ymm\u00e4rt\u00e4\u00e4 miksi aiemmat suhteesi p\u00e4\u00e4ttyiv\u00e4t eroon, jotta voit oppia ja v\u00e4ltt\u00e4\u00e4 samat virheet jatkossa?<br><br>Kaipaako kolauksen saanut itsetuntosi vahvistusta?<br><br>Haluatko kasvattaa itsetuntemustasi: tiet\u00e4\u00e4 kuka oikeasti olet, mit\u00e4 tarvitset voidaksesi hyvin ja mit\u00e4 haluat el\u00e4m\u00e4lt\u00e4si?<br><br>Kaipaatko apua kirkastaaksesi tulevaisuutesi suunnan ja l\u00f6yt\u00e4\u00e4ksesi uusia unelmia joita kohti kulkea?<br><br>Vai pohditko vasta eroa ja mietit pit\u00e4isik\u00f6 teid\u00e4n erota vai olisiko sittenkin mahdollisuus saada suhde toimimaan ja jatkaa yhdess\u00e4?<\/p>\n<\/div>\n<\/div>\n\n\n\n<p><\/p>\n\n\n\n<p>Mik\u00e4li vastasit joihinkin kysymyksist\u00e4 kyll\u00e4, on erovalmennus juuri sinua varten!<\/p>\n\n\n\n<p>Valmennus r\u00e4\u00e4t\u00e4l\u00f6id\u00e4\u00e4n aina sinun tarpeidesi pohjalta, palvelemaan juuri sinun tilannettasi.<\/p>\n\n\n\n<p>Valmennus toteutetaan et\u00e4n\u00e4 videoyhteydell\u00e4. T\u00e4m\u00e4 mahdollistaa sen, ett\u00e4 voit osallistua mist\u00e4 p\u00e4in maailmaa tahansa.<\/p>\n\n\n\n<p>Erovalmennuspaketin hinta on 320 euroa. Summan voi maksaa joko kerralla tai nelj\u00e4\u00e4n osaan jaettuna eli 80 euroa aina jokaisen tapaamisen yhteydess\u00e4. Hintaan sis\u00e4ltyy 4 x 60 min et\u00e4tapaamista + kotiteht\u00e4v\u00e4t, jotta voit jatkaa asioiden ty\u00f6st\u00e4mist\u00e4 itsen\u00e4isesti tapaamisten v\u00e4lill\u00e4.<\/p>\n\n\n\n<p>Yksitt\u00e4isten valmennustapaamisten hinta on 90 euroa \/ 60 min.<\/p>\n\n\n\n<p>Ota yhteytt\u00e4 <a href=\"mailto:mari@marimoilanen.fi\">mari@marimoilanen.fi<\/a> ja kerro tilanteestasi niin katsotaan miten voisin parhaiten sinua auttaa.<\/p>\n\n\n\n<blockquote class=\"wp-block-quote is-layout-flow wp-block-quote-is-layout-flow\">\n<p>\u201dMarin valmennuksen aikana olen p\u00e4\u00e4ssyt t\u00e4ysin irti menneest\u00e4 parisuhteestani, vapautunut ik\u00e4vist\u00e4 tunnetiloista siihen liittyen ja oppinut hyv\u00e4ksym\u00e4\u00e4n asiat. Kuukauden sis\u00e4ll\u00e4 on tapahtunut ihmeparantuminen.\u201d<br>&#8211; mies 31v &#8211;<\/p>\n<\/blockquote>\n\n\n\n<blockquote class=\"wp-block-quote is-layout-flow wp-block-quote-is-layout-flow\">\n<p>\u201dOlen antanut anteeksi ja saanut varmuuden siit\u00e4, ett\u00e4 erop\u00e4\u00e4t\u00f6s oli oikea. En\u00e4\u00e4 en syyttele itse\u00e4ni tai ajattele ett\u00e4 olisin voinut tehd\u00e4 enemm\u00e4n suhteen eteen. Opastit hell\u00e4sti p\u00e4\u00e4st\u00e4m\u00e4\u00e4n irti menneisyydest\u00e4 ja autoit olemaan sinut sen kanssa. Valmennusharjoituksista on ollut paljon hy\u00f6ty\u00e4 eron k\u00e4sittelyss\u00e4. Teht\u00e4vien avulla on joutunut ty\u00f6st\u00e4m\u00e4\u00e4n asioita eri tavalla kuin olisi itse tullut tehty\u00e4 ja se on auttanut eteenp\u00e4in.\u201d<br>&#8211; nainen 32v &#8211;<\/p>\n<\/blockquote>\n\n\n\n<blockquote class=\"wp-block-quote is-layout-flow wp-block-quote-is-layout-flow\">\n<p>&#8221;Olen tosi tyytyv\u00e4inen valmennukseen! Kaipasin apua irrottautumaan tietyist\u00e4 tunteista. Sain valmennuksesta paljon uusia keinoja k\u00e4sitell\u00e4 sek\u00e4 eroon ett\u00e4 ex\u00e4n nykyiseen el\u00e4m\u00e4\u00e4n liittyvi\u00e4 tunteita ja ajatuksia. Irrottautuminen otti todella isoja harppauksia.&#8221;<br>&#8211; nainen 35v &#8211;<\/p>\n<\/blockquote>\n\n\n\n<blockquote class=\"wp-block-quote is-layout-flow wp-block-quote-is-layout-flow\">\n<p>&#8221;Olen saanut rauhan menneest\u00e4 mieleeni, ei en\u00e4\u00e4 jatkuvaa surua, itsesyyttely\u00e4 ja ahdistusta juuri ollenkaan. Katse on eteenp\u00e4in oman el\u00e4m\u00e4n rakentelussa ja nauttimisessa pikku askelin. Erovalmennukseen osallistuminen oli mulle tosi t\u00e4rke\u00e4 juttu ja selke\u00e4sti siit\u00e4 sain apua, oli k\u00e4\u00e4nteentekev\u00e4 juttu. Kiitos!&#8221;<br>&#8211; nainen 46v &#8211;<\/p>\n<\/blockquote>\n\n\n\n<blockquote class=\"wp-block-quote is-layout-flow wp-block-quote-is-layout-flow\">\n<p>&#8221;Valmennus on antanut minulle tukea ja vahvistusta. Olen oppinut, ett\u00e4 voin luottaa siipiini, kyll\u00e4 ne vahvat ovat, hiukan piilossa ehk\u00e4 vain.&#8221;<br>&#8211; nainen 50v &#8211;<\/p>\n<\/blockquote>\n\n\n\n<blockquote class=\"wp-block-quote is-layout-flow wp-block-quote-is-layout-flow\">\n<p>&#8221;Itsevarmuus on vahvistunut. Tulevaisuus n\u00e4ytt\u00e4\u00e4 positiivisemmalta. Seesteisempi olo.&#8221;<br>&#8211; mies 45v &#8211;<\/p>\n<\/blockquote>\n\n\n\n<blockquote class=\"wp-block-quote is-layout-flow wp-block-quote-is-layout-flow\">\n<p>&#8221;Uhriutumisen ja marttyyriluonteeni vuoksi on ollut vaikeaa p\u00e4\u00e4st\u00e4 eteenp\u00e4in.  Valmennuksen aikana ymm\u00e4rsin mit\u00e4 eroa on pit\u00e4\u00e4 itse kiinni ajatuksista, tunteista ja mielikuvista ja toisaalta antaa niiden olla ja sitten p\u00e4\u00e4st\u00e4\u00e4 irti. Valmennus auttoi saamaan keinoja, joilla voi tehd\u00e4 tunteiden k\u00e4sittelyst\u00e4 konkreettisempaa. Mm. kotiteht\u00e4viin liittyv\u00e4t papereiden tuhoamiset on yksi konkreettinen teko.&#8221;<br>&#8211; nainen 35v &#8211;<\/p>\n<\/blockquote>\n\n\n\n<blockquote class=\"wp-block-quote is-layout-flow wp-block-quote-is-layout-flow\">\n<p>&#8221;Valmennus antoi minulle oivalluksen mit\u00e4 kaavoja ja uskomuksia omassa el\u00e4m\u00e4ss\u00e4 on. Kun ne tiedostaa paremmin voi helpommin puuttua myrkyllisiin uskomuksiin.&#8221;<br>&#8211; nainen 37v &#8211;<\/p>\n<\/blockquote>\n\n\n\n<blockquote class=\"wp-block-quote is-layout-flow wp-block-quote-is-layout-flow\">\n<p>&#8221;Mielikuvaharjoituksissa erityisesti kysymys &#8221;Tarvitsenko min\u00e4 sinua en\u00e4\u00e4?&#8221; oli k\u00e4\u00e4nteentekev\u00e4. Tarvitsenko min\u00e4 tunteita ja ajatuksia joita py\u00f6rit\u00e4n? Kotiteht\u00e4v\u00e4t on avanneet uusia v\u00e4yli\u00e4 saada tunteita ulos ja samalla n\u00e4ytt\u00e4neet kuinka pitk\u00e4ll\u00e4 jo olen.&#8221;<br>&#8211; nainen 35v &#8211;<\/p>\n<\/blockquote>\n\n\n\n<blockquote class=\"wp-block-quote is-layout-flow wp-block-quote-is-layout-flow\">\n<p>&#8221;Uskon ett\u00e4 t\u00e4llaisissa &#8221;asiakas-ammattilainen&#8221;-suhteissa saa juuri niin paljon, kuin on valmis prosessille antamaan. Min\u00e4 annoin paljon ja siksi sain paljon.&#8221;<br>&#8211; nainen 35v &#8211;<\/p>\n<\/blockquote>\n","protected":false},"excerpt":{"rendered":"<p>Haluatko k\u00e4sitell\u00e4 menneen parisuhteesi ja erosi? Haluatko p\u00e4\u00e4st\u00e4 irti ex-kumppanistasi ja siirty\u00e4 eteenp\u00e4in el\u00e4m\u00e4ss\u00e4si? Haluatko apua kipeiden ja vaikeiden tunteiden kanssa? Haluatko ymm\u00e4rt\u00e4\u00e4 miksi aiemmat suhteesi p\u00e4\u00e4ttyiv\u00e4t eroon, jotta voit &hellip; <\/p>\n","protected":false},"author":1,"featured_media":0,"parent":0,"menu_order":0,"comment_status":"closed","ping_status":"closed","template":"","meta":{"footnotes":""},"class_list":["post-23","page","type-page","status-publish","hentry","has-meta has-sticky-meta"],"yoast_head":"<!-- This site is optimized with the Yoast SEO plugin v27.5 - https:\/\/yoast.com\/product\/yoast-seo-wordpress\/ -->\n<title>Erovalmennus - Mari Moilanen<\/title>\n<meta name=\"robots\" content=\"index, follow, max-snippet:-1, max-image-preview:large, max-video-preview:-1\" \/>\n<link rel=\"canonical\" href=\"https:\/\/marimoilanen.fi\/index.php\/henkilokohtainen-erovalmennus\/\" \/>\n<meta property=\"og:locale\" content=\"fi_FI\" \/>\n<meta property=\"og:type\" content=\"article\" \/>\n<meta property=\"og:title\" content=\"Erovalmennus - Mari Moilanen\" \/>\n<meta property=\"og:description\" content=\"Haluatko k\u00e4sitell\u00e4 menneen parisuhteesi ja erosi? Haluatko p\u00e4\u00e4st\u00e4 irti ex-kumppanistasi ja siirty\u00e4 eteenp\u00e4in el\u00e4m\u00e4ss\u00e4si? Haluatko apua kipeiden ja vaikeiden tunteiden kanssa? Haluatko ymm\u00e4rt\u00e4\u00e4 miksi aiemmat suhteesi p\u00e4\u00e4ttyiv\u00e4t eroon, jotta voit &hellip;\" \/>\n<meta property=\"og:url\" content=\"https:\/\/marimoilanen.fi\/index.php\/henkilokohtainen-erovalmennus\/\" \/>\n<meta property=\"og:site_name\" content=\"Mari Moilanen\" \/>\n<meta property=\"article:modified_time\" content=\"2025-11-04T10:42:12+00:00\" \/>\n<meta property=\"og:image\" content=\"https:\/\/marimoilanen.fi\/wp-content\/uploads\/2024\/01\/Henkilokohtainen-rovalmennus-mari-moilanen-1.jpg\" \/>\n\t<meta property=\"og:image:width\" content=\"400\" \/>\n\t<meta property=\"og:image:height\" content=\"500\" \/>\n\t<meta property=\"og:image:type\" content=\"image\/jpeg\" \/>\n<meta name=\"twitter:card\" content=\"summary_large_image\" \/>\n<meta name=\"twitter:label1\" content=\"Arvioitu lukuaika\" \/>\n\t<meta name=\"twitter:data1\" content=\"2 minuuttia\" \/>\n<script type=\"application\/ld+json\" class=\"yoast-schema-graph\">{\"@context\":\"https:\\\/\\\/schema.org\",\"@graph\":[{\"@type\":\"WebPage\",\"@id\":\"https:\\\/\\\/marimoilanen.fi\\\/index.php\\\/henkilokohtainen-erovalmennus\\\/\",\"url\":\"https:\\\/\\\/marimoilanen.fi\\\/index.php\\\/henkilokohtainen-erovalmennus\\\/\",\"name\":\"Erovalmennus - Mari Moilanen\",\"isPartOf\":{\"@id\":\"https:\\\/\\\/marimoilanen.fi\\\/#website\"},\"primaryImageOfPage\":{\"@id\":\"https:\\\/\\\/marimoilanen.fi\\\/index.php\\\/henkilokohtainen-erovalmennus\\\/#primaryimage\"},\"image\":{\"@id\":\"https:\\\/\\\/marimoilanen.fi\\\/index.php\\\/henkilokohtainen-erovalmennus\\\/#primaryimage\"},\"thumbnailUrl\":\"https:\\\/\\\/marimoilanen.fi\\\/wp-content\\\/uploads\\\/2024\\\/01\\\/Henkilokohtainen-rovalmennus-mari-moilanen-1.jpg\",\"datePublished\":\"2023-11-08T16:30:51+00:00\",\"dateModified\":\"2025-11-04T10:42:12+00:00\",\"breadcrumb\":{\"@id\":\"https:\\\/\\\/marimoilanen.fi\\\/index.php\\\/henkilokohtainen-erovalmennus\\\/#breadcrumb\"},\"inLanguage\":\"fi\",\"potentialAction\":[{\"@type\":\"ReadAction\",\"target\":[\"https:\\\/\\\/marimoilanen.fi\\\/index.php\\\/henkilokohtainen-erovalmennus\\\/\"]}]},{\"@type\":\"ImageObject\",\"inLanguage\":\"fi\",\"@id\":\"https:\\\/\\\/marimoilanen.fi\\\/index.php\\\/henkilokohtainen-erovalmennus\\\/#primaryimage\",\"url\":\"https:\\\/\\\/marimoilanen.fi\\\/wp-content\\\/uploads\\\/2024\\\/01\\\/Henkilokohtainen-rovalmennus-mari-moilanen-1.jpg\",\"contentUrl\":\"https:\\\/\\\/marimoilanen.fi\\\/wp-content\\\/uploads\\\/2024\\\/01\\\/Henkilokohtainen-rovalmennus-mari-moilanen-1.jpg\",\"width\":400,\"height\":500},{\"@type\":\"BreadcrumbList\",\"@id\":\"https:\\\/\\\/marimoilanen.fi\\\/index.php\\\/henkilokohtainen-erovalmennus\\\/#breadcrumb\",\"itemListElement\":[{\"@type\":\"ListItem\",\"position\":1,\"name\":\"Etusivu\",\"item\":\"https:\\\/\\\/marimoilanen.fi\\\/\"},{\"@type\":\"ListItem\",\"position\":2,\"name\":\"Erovalmennus\"}]},{\"@type\":\"WebSite\",\"@id\":\"https:\\\/\\\/marimoilanen.fi\\\/#website\",\"url\":\"https:\\\/\\\/marimoilanen.fi\\\/\",\"name\":\"Mari Moilanen\",\"description\":\"&Auml;l&auml; j&auml;&auml; erokriisin kanssa yksin.\",\"potentialAction\":[{\"@type\":\"SearchAction\",\"target\":{\"@type\":\"EntryPoint\",\"urlTemplate\":\"https:\\\/\\\/marimoilanen.fi\\\/?s={search_term_string}\"},\"query-input\":{\"@type\":\"PropertyValueSpecification\",\"valueRequired\":true,\"valueName\":\"search_term_string\"}}],\"inLanguage\":\"fi\"}]}<\/script>\n<!-- \/ Yoast SEO plugin. -->","yoast_head_json":{"title":"Erovalmennus - Mari Moilanen","robots":{"index":"index","follow":"follow","max-snippet":"max-snippet:-1","max-image-preview":"max-image-preview:large","max-video-preview":"max-video-preview:-1"},"canonical":"https:\/\/marimoilanen.fi\/index.php\/henkilokohtainen-erovalmennus\/","og_locale":"fi_FI","og_type":"article","og_title":"Erovalmennus - Mari Moilanen","og_description":"Haluatko k\u00e4sitell\u00e4 menneen parisuhteesi ja erosi? Haluatko p\u00e4\u00e4st\u00e4 irti ex-kumppanistasi ja siirty\u00e4 eteenp\u00e4in el\u00e4m\u00e4ss\u00e4si? Haluatko apua kipeiden ja vaikeiden tunteiden kanssa? Haluatko ymm\u00e4rt\u00e4\u00e4 miksi aiemmat suhteesi p\u00e4\u00e4ttyiv\u00e4t eroon, jotta voit &hellip;","og_url":"https:\/\/marimoilanen.fi\/index.php\/henkilokohtainen-erovalmennus\/","og_site_name":"Mari Moilanen","article_modified_time":"2025-11-04T10:42:12+00:00","og_image":[{"width":400,"height":500,"url":"https:\/\/marimoilanen.fi\/wp-content\/uploads\/2024\/01\/Henkilokohtainen-rovalmennus-mari-moilanen-1.jpg","type":"image\/jpeg"}],"twitter_card":"summary_large_image","twitter_misc":{"Arvioitu lukuaika":"2 minuuttia"},"schema":{"@context":"https:\/\/schema.org","@graph":[{"@type":"WebPage","@id":"https:\/\/marimoilanen.fi\/index.php\/henkilokohtainen-erovalmennus\/","url":"https:\/\/marimoilanen.fi\/index.php\/henkilokohtainen-erovalmennus\/","name":"Erovalmennus - Mari Moilanen","isPartOf":{"@id":"https:\/\/marimoilanen.fi\/#website"},"primaryImageOfPage":{"@id":"https:\/\/marimoilanen.fi\/index.php\/henkilokohtainen-erovalmennus\/#primaryimage"},"image":{"@id":"https:\/\/marimoilanen.fi\/index.php\/henkilokohtainen-erovalmennus\/#primaryimage"},"thumbnailUrl":"https:\/\/marimoilanen.fi\/wp-content\/uploads\/2024\/01\/Henkilokohtainen-rovalmennus-mari-moilanen-1.jpg","datePublished":"2023-11-08T16:30:51+00:00","dateModified":"2025-11-04T10:42:12+00:00","breadcrumb":{"@id":"https:\/\/marimoilanen.fi\/index.php\/henkilokohtainen-erovalmennus\/#breadcrumb"},"inLanguage":"fi","potentialAction":[{"@type":"ReadAction","target":["https:\/\/marimoilanen.fi\/index.php\/henkilokohtainen-erovalmennus\/"]}]},{"@type":"ImageObject","inLanguage":"fi","@id":"https:\/\/marimoilanen.fi\/index.php\/henkilokohtainen-erovalmennus\/#primaryimage","url":"https:\/\/marimoilanen.fi\/wp-content\/uploads\/2024\/01\/Henkilokohtainen-rovalmennus-mari-moilanen-1.jpg","contentUrl":"https:\/\/marimoilanen.fi\/wp-content\/uploads\/2024\/01\/Henkilokohtainen-rovalmennus-mari-moilanen-1.jpg","width":400,"height":500},{"@type":"BreadcrumbList","@id":"https:\/\/marimoilanen.fi\/index.php\/henkilokohtainen-erovalmennus\/#breadcrumb","itemListElement":[{"@type":"ListItem","position":1,"name":"Etusivu","item":"https:\/\/marimoilanen.fi\/"},{"@type":"ListItem","position":2,"name":"Erovalmennus"}]},{"@type":"WebSite","@id":"https:\/\/marimoilanen.fi\/#website","url":"https:\/\/marimoilanen.fi\/","name":"Mari Moilanen","description":"&Auml;l&auml; j&auml;&auml; erokriisin kanssa yksin.","potentialAction":[{"@type":"SearchAction","target":{"@type":"EntryPoint","urlTemplate":"https:\/\/marimoilanen.fi\/?s={search_term_string}"},"query-input":{"@type":"PropertyValueSpecification","valueRequired":true,"valueName":"search_term_string"}}],"inLanguage":"fi"}]}},"jetpack_sharing_enabled":true,"_links":{"self":[{"href":"https:\/\/marimoilanen.fi\/index.php\/wp-json\/wp\/v2\/pages\/23","targetHints":{"allow":["GET"]}}],"collection":[{"href":"https:\/\/marimoilanen.fi\/index.php\/wp-json\/wp\/v2\/pages"}],"about":[{"href":"https:\/\/marimoilanen.fi\/index.php\/wp-json\/wp\/v2\/types\/page"}],"author":[{"embeddable":true,"href":"https:\/\/marimoilanen.fi\/index.php\/wp-json\/wp\/v2\/users\/1"}],"replies":[{"embeddable":true,"href":"https:\/\/marimoilanen.fi\/index.php\/wp-json\/wp\/v2\/comments?post=23"}],"version-history":[{"count":42,"href":"https:\/\/marimoilanen.fi\/index.php\/wp-json\/wp\/v2\/pages\/23\/revisions"}],"predecessor-version":[{"id":354,"href":"https:\/\/marimoilanen.fi\/index.php\/wp-json\/wp\/v2\/pages\/23\/revisions\/354"}],"wp:attachment":[{"href":"https:\/\/marimoilanen.fi\/index.php\/wp-json\/wp\/v2\/media?parent=23"}],"curies":[{"name":"wp","href":"https:\/\/api.w.org\/{rel}","templated":true}]}}