{"id":17,"date":"2023-11-08T18:29:43","date_gmt":"2023-11-08T16:29:43","guid":{"rendered":"https:\/\/marimoilanen.fi\/?page_id=17"},"modified":"2026-04-09T19:18:50","modified_gmt":"2026-04-09T17:18:50","slug":"eroseminaari","status":"publish","type":"page","link":"https:\/\/marimoilanen.fi\/index.php\/eroseminaari\/","title":{"rendered":"Eroseminaari"},"content":{"rendered":"\n<figure class=\"wp-block-image size-large is-resized\"><img fetchpriority=\"high\" decoding=\"async\" width=\"1024\" height=\"360\" src=\"https:\/\/marimoilanen.fi\/wp-content\/uploads\/2026\/04\/Eroseminaari-Tunnus-Kananmuna-Maapahkinavoi-Web-1-1024x360.png\" alt=\"\" class=\"wp-image-440\" style=\"aspect-ratio:2.844529292447202;width:171px;height:auto\" srcset=\"https:\/\/marimoilanen.fi\/wp-content\/uploads\/2026\/04\/Eroseminaari-Tunnus-Kananmuna-Maapahkinavoi-Web-1-1024x360.png 1024w, https:\/\/marimoilanen.fi\/wp-content\/uploads\/2026\/04\/Eroseminaari-Tunnus-Kananmuna-Maapahkinavoi-Web-1-300x106.png 300w, https:\/\/marimoilanen.fi\/wp-content\/uploads\/2026\/04\/Eroseminaari-Tunnus-Kananmuna-Maapahkinavoi-Web-1-768x270.png 768w, https:\/\/marimoilanen.fi\/wp-content\/uploads\/2026\/04\/Eroseminaari-Tunnus-Kananmuna-Maapahkinavoi-Web-1-1536x541.png 1536w, https:\/\/marimoilanen.fi\/wp-content\/uploads\/2026\/04\/Eroseminaari-Tunnus-Kananmuna-Maapahkinavoi-Web-1-2048x721.png 2048w\" sizes=\"(max-width: 1024px) 100vw, 1024px\" \/><\/figure>\n\n\n\n<div class=\"wp-block-columns is-layout-flex wp-container-core-columns-is-layout-9d6595d7 wp-block-columns-is-layout-flex\">\n<div class=\"wp-block-column is-layout-flow wp-block-column-is-layout-flow\" style=\"flex-basis:33.33%\">\n<figure class=\"wp-block-image size-large\"><img decoding=\"async\" width=\"819\" height=\"1024\" src=\"https:\/\/marimoilanen.fi\/wp-content\/uploads\/2026\/04\/Eroseminaari-819x1024.jpg\" alt=\"\" class=\"wp-image-446\" srcset=\"https:\/\/marimoilanen.fi\/wp-content\/uploads\/2026\/04\/Eroseminaari-819x1024.jpg 819w, https:\/\/marimoilanen.fi\/wp-content\/uploads\/2026\/04\/Eroseminaari-240x300.jpg 240w, https:\/\/marimoilanen.fi\/wp-content\/uploads\/2026\/04\/Eroseminaari-768x960.jpg 768w, https:\/\/marimoilanen.fi\/wp-content\/uploads\/2026\/04\/Eroseminaari-1229x1536.jpg 1229w, https:\/\/marimoilanen.fi\/wp-content\/uploads\/2026\/04\/Eroseminaari.jpg 1280w\" sizes=\"(max-width: 819px) 100vw, 819px\" \/><\/figure>\n<\/div>\n\n\n\n<div class=\"wp-block-column is-layout-flow wp-block-column-is-layout-flow\" style=\"flex-basis:66.66%\">\n<p>Eroseminaari on koulutetun ammattilaisen ohjaama vertaistukiryhm\u00e4 ja menetelm\u00e4 parisuhteen p\u00e4\u00e4ttymisen ty\u00f6st\u00e4miseksi. T\u00e4m\u00e4 eroauttamisen menetelm\u00e4 todella toimii, kun haluat el\u00e4m\u00e4si kuntoon eron j\u00e4lkeen!<\/p>\n\n\n\n<p>Eroseminaarissa on yhteens\u00e4 11 tapaamista, aina kolme tuntia kerrallaan. Jokaiselle tapaamiskerralle on oma teemansa, joka on suunniteltu erosta selviytymisen ja oppimisen n\u00e4k\u00f6kulmasta. Aiheita k\u00e4sitell\u00e4\u00e4n keskustelujen, luentojen, pienryhm\u00e4ty\u00f6skentelyn sek\u00e4 erilaisten harjoitusten avulla. Jokaisella tapaamiskerralla annetaan my\u00f6s kotiteht\u00e4vi\u00e4.<\/p>\n\n\n\n<p>Eroseminaarin aikana:<br>\u2013 ymm\u00e4rr\u00e4t erosi<br>\u2013 purat sen nostattamat tunteet<br>\u2013 rakennat itsellesi paremman loppuel\u00e4m\u00e4n<\/p>\n<\/div>\n<\/div>\n\n\n\n<p>Lis\u00e4ksi:<br>\u2013 itsetuntemuksesi kasvaa ja itsetuntosi vahvistuu<br>\u2013 usko selviytymiseesi vahvistuu<br>\u2013 p\u00e4\u00e4set kurkistamaan parisuhdehistoriaasi ja saat uusia n\u00e4k\u00f6kulmia kokemuksiisi<br>\u2013 ymm\u00e4rr\u00e4t kasvatusilmapiirisi, omien valintojesi ja toimintojesi vaikutuksen<br>\u2013 saat v\u00e4lineit\u00e4 toimiviin rakkaussuhteisiin jatkossa<br>\u2013 tutustut uusiin ihmisiin ja saat vertaistukea<br>\u2013 saat valmiuden tukea lapsiasi paremmin eron keskell\u00e4<\/p>\n\n\n\n<p>Kymmenet tuhannet ihmiset Suomessa ovat k\u00e4yneet eroseminaarin. Palautteet ovat olleet huikeita ja eroseminaari on ollut monille k\u00e4\u00e4nteentekev\u00e4 kokemus.<\/p>\n\n\n\n<p>Eroseminaari sopii kaikille ik\u00e4\u00e4n, sukupuoleen tai seksuaaliseen suuntautumiseen katsomatta. Voit osallistua on erostasi sitten v\u00e4h\u00e4n tai kauan aikaa ja silloinkin jos vasta harkitset eroa.<\/p>\n\n\n\n<p>Seuraava Eroseminaariryhm\u00e4ni aloittaa torstaina syksyll\u00e4 2026 Vuosaaressa!<\/p>\n\n\n\n<p>Kev\u00e4\u00e4n 2026 eroseminaarin p\u00e4iv\u00e4m\u00e4\u00e4r\u00e4t ja tapaamisten teemat:<\/p>\n\n\n\n<p>to 8.1. Tee erosta oppimiskokemus<br>to 15.1. Miksi erosimme?<br>to 22.1. Vapaudu eron vihasta<br>to 29.1. Surun pitk\u00e4 tie<br>to 5.2. Olet t\u00e4rke\u00e4 ja ainutlaatuinen<br>to 12.2. Kuka el\u00e4m\u00e4\u00e4si ohjaa?<br>to 26.2. Avoimuus ja toimiva parisuhde<br>to 5.3. Yksin\u00e4isyys ja suhteet<br>to 12.3 Rakkaus ja uusi el\u00e4m\u00e4<br>to 19.3. Seksi ja seksuaalisuus<br>to 26.3. Kuinka auttaa lapsia eron keskell\u00e4?<\/p>\n\n\n\n<p>Huom! Viikolla 8 (19.2.) ei ole tapaamista koulujen talviloman vuoksi.<br><br>Pid\u00e4n ryhm\u00e4koon aina pienen\u00e4, jotta jokaisen kokemuksille, ajatuksille ja tunteille on tilaa ja ryhm\u00e4ss\u00e4 on turvallista olla. N\u00e4in ryhm\u00e4 my\u00f6s hitsautuu paremmin yhteen. Minulle on my\u00f6s t\u00e4rke\u00e4\u00e4, ett\u00e4 eroseminaarissa on kotoisa ja rento tunnelma. Mik\u00e4li ryhm\u00e4ss\u00e4 ei ole allergisia tai koirapelkoisia, saattaa my\u00f6s Joe-koirani tulla mukaan rapsuteltavaksi.<\/p>\n\n\n\n<p>Eroseminaarin hinta on 490 euroa (sis\u00e4lt\u00e4\u00e4 11 tapaamista = yhteens\u00e4 33 tuntia).<br>Varausmaksu 100 euroa maksetaan ilmoittautumisen yhteydess\u00e4, loput 390 euroa ennen seminaarin alkua. Tarvittaessa loppusumma on mahdollista maksaa my\u00f6s useammassa er\u00e4ss\u00e4.<\/p>\n\n\n\n<p>Ilmoittautumiset ja lis\u00e4kysymykset: <a href=\"mailto:mari@marimoilanen.fi\">mari@marimoilanen.fi<\/a><\/p>\n\n\n\n<p>L\u00e4mpim\u00e4sti tervetuloa mukaan oppimaan itsest\u00e4si ja suhteistasi!<\/p>\n\n\n\n<blockquote class=\"wp-block-quote is-layout-flow wp-block-quote-is-layout-flow\">\n<p>\u201dMarin eroseminaari on ollut yksi mun eron j\u00e4lkeisen el\u00e4m\u00e4ni parhaita juttuja!\u201d<br>&#8211; nainen 33v &#8211;<\/p>\n<\/blockquote>\n\n\n\n<blockquote class=\"wp-block-quote is-layout-flow wp-block-quote-is-layout-flow\">\n<p>&#8221;Eroseminaari on ollut kannatteleva voima ja vertaistuki, mit\u00e4 ei ole saanut mist\u00e4\u00e4n tai kelt\u00e4\u00e4n muulta.&#8221;<br>&#8211; nainen 48v &#8211;<\/p>\n<\/blockquote>\n\n\n\n<blockquote class=\"wp-block-quote is-layout-flow wp-block-quote-is-layout-flow\">\n<p>\u201dEroseminaari oli huikea kokemus! Koen kasvaneeni seminaarin aikana paljon. Eroseminaari pelasti mun el\u00e4m\u00e4n.\u201d<br>&#8211; nainen 41v &#8211;<\/p>\n<\/blockquote>\n\n\n\n<blockquote class=\"wp-block-quote is-layout-flow wp-block-quote-is-layout-flow\">\n<p>\u201dEroseminaari on ollut kuin vakaa, l\u00e4mmin, turvallinen k\u00e4si joka on kuljettanut l\u00e4pi harmauden kohti valoisampia p\u00e4ivi\u00e4.\u201d<br>&#8211; nainen 48v &#8211;<\/p>\n<\/blockquote>\n\n\n\n<blockquote class=\"wp-block-quote is-layout-flow wp-block-quote-is-layout-flow\">\n<p>&#8221;Eroseminaari on kaiken rahan arvoinen. Voin suositella kaikille eronneille tai eroa harkitseville!&#8221;<br>&#8211; nainen 60v &#8211;<\/p>\n<\/blockquote>\n\n\n\n<blockquote class=\"wp-block-quote is-layout-flow wp-block-quote-is-layout-flow\">\n<p>&#8221;On ollut hienoa huomata, miten isoja harppauksia olen eroseminaarin aikana ottanut, enk\u00e4 en\u00e4\u00e4 ole katkera tai tunne syyllisyytt\u00e4.&#8221;<br>&#8211; mies 51v &#8211;<\/p>\n<\/blockquote>\n\n\n\n<blockquote class=\"wp-block-quote is-layout-flow wp-block-quote-is-layout-flow\">\n<p>&#8221;En uskonut elokuun lopussa, ett\u00e4 voisin n\u00e4in hyvin kun eroseminaari loppuu. Eroseminaari varmasti pelasti mun mielenterveyden t\u00e4n\u00e4 syksyn\u00e4.&#8221;<br>&#8211; nainen 44v &#8211;<\/p>\n<\/blockquote>\n\n\n\n<blockquote class=\"wp-block-quote is-layout-flow wp-block-quote-is-layout-flow\">\n<p><br>\u201dEroseminaarissa parasta oli prosessin osallistava luonne. Oli ik\u00e4\u00e4n kuin pakko k\u00e4sitell\u00e4 asioita, koska niit\u00e4 k\u00e4ytiin j\u00e4rjestelm\u00e4llisesti l\u00e4pi. Vertaistuki!\u201d<br>&#8211; mies 45v &#8211;<\/p>\n<\/blockquote>\n\n\n\n<blockquote class=\"wp-block-quote is-layout-flow wp-block-quote-is-layout-flow\">\n<p>&#8221;Eroseminaari on antanut el\u00e4m\u00e4\u00e4ni vertaistukea, uusia n\u00e4k\u00f6kulmia ja t\u00e4rke\u00e4n pelastusrenkaan uuden el\u00e4m\u00e4n kynnyksell\u00e4.&#8221;<br>&#8211; nainen 33v &#8211;<\/p>\n<\/blockquote>\n\n\n\n<blockquote class=\"wp-block-quote is-layout-flow wp-block-quote-is-layout-flow\">\n<p>&#8221;Olen oppinut sen, ett\u00e4 my\u00f6s yksin voi olla onnellinen ja toisaalta sen, ett\u00e4 toimivaan parisuhteeseen tarvitaan molempien panostusta. Olen my\u00f6s oppinut arvostamaan itse\u00e4ni ja itsetuntoni on parantunut huomattavasti eroseminaarin aikana.&#8221;<br>&#8211; mies 51v &#8211;<\/p>\n<\/blockquote>\n\n\n\n<blockquote class=\"wp-block-quote is-layout-flow wp-block-quote-is-layout-flow\">\n<p>&#8221;Parasta eroseminaarissa oli systemaattinen eteneminen, hyv\u00e4 ohjaaja ja h\u00e4nen omakohtaiset + konkreettiset esimerkit ja ryhm\u00e4n peilaus.&#8221;<br>&#8211; nainen 55v &#8211;<\/p>\n<\/blockquote>\n\n\n\n<blockquote class=\"wp-block-quote is-layout-flow wp-block-quote-is-layout-flow\">\n<p>&#8221;Olen nyt henkisesti paremmassa kunnossa kuin seminaarin alkaessa, olen saanut purettua surua ja vihaa ja olen oppinut n\u00e4kem\u00e4\u00e4n omaa osuuttani erosta.&#8221;<br>&#8211; nainen 46v &#8211;<\/p>\n<\/blockquote>\n\n\n\n<blockquote class=\"wp-block-quote is-layout-flow wp-block-quote-is-layout-flow\">\n<p>&#8221;Sain eroseminaarista tukea ja ymm\u00e4rryst\u00e4 omasta itsest\u00e4ni. Ymm\u00e4rr\u00e4n asiat, jotka johtivat eroon. Itsetuntoni on kasvanut huimasti. Olen itsevarmempi, hyv\u00e4ksyn itseni, pid\u00e4n puoleni, ylitseni ei k\u00e4vell\u00e4! Olen hyv\u00e4 n\u00e4in. En tunne huonommuutta.&#8221;<br>&#8211; nainen 60v &#8211;<\/p>\n<\/blockquote>\n\n\n\n<blockquote class=\"wp-block-quote is-layout-flow wp-block-quote-is-layout-flow\">\n<p>&#8221;Eroseminaari on tuonut n\u00e4kyv\u00e4ksi omat k\u00e4ytt\u00e4ytymismallit ja sen kuinka olen toistanut sopeutumisk\u00e4yt\u00f6st\u00e4ni ihmissuhteissani. En ole en\u00e4\u00e4 kiinni omissa tarinoissani ja ahdistus, viha sek\u00e4 syyllisyys on v\u00e4hentyneet.&#8221;<br>&#8211; nainen 55v &#8211;<\/p>\n<\/blockquote>\n\n\n\n<blockquote class=\"wp-block-quote is-layout-flow wp-block-quote-is-layout-flow\">\n<p>&#8221;Eroseminaari on kehitt\u00e4nyt paljon itsetuntemustani ja antanut ymm\u00e4rryst\u00e4 eroon ja sen k\u00e4sittelyyn. Olen oppinut tunnistamaan tunteitani ja syit\u00e4 niiden takana. Itsetuntoni ja tunteiden l\u00e4pik\u00e4yminen on parantuneet paljon. Olen oivaltanut, ett\u00e4 selvi\u00e4n my\u00f6s t\u00e4st\u00e4 eteenp\u00e4in ja minulla on moni asia el\u00e4m\u00e4ss\u00e4 hyvin.&#8221;<br>&#8211; nainen 45v &#8211;<\/p>\n<\/blockquote>\n\n\n\n<blockquote class=\"wp-block-quote is-layout-flow wp-block-quote-is-layout-flow\">\n<p>&#8221;En olisi ilman eroryhm\u00e4\u00e4 tajunnut millainen parisuhteeni tilanne on ollut ja mitk\u00e4 syyt ovat johtaneet eroon. Olen oppinut esimerkiksi itsetuntemuksen ja itseluottamuksen merkityksest\u00e4 parisuhteessa ja el\u00e4m\u00e4ss\u00e4. En olisi hyv\u00e4ksynyt eroa yht\u00e4 nopeasti ilman eroseminaaria. Olen saanut uskoa siihen ett\u00e4 selvi\u00e4n t\u00e4st\u00e4 ja k\u00e4\u00e4nn\u00e4n kokemuksen voitoksi.&#8221;<br>&#8211; nainen 43v &#8211;<\/p>\n<\/blockquote>\n\n\n\n<blockquote class=\"wp-block-quote is-layout-flow wp-block-quote-is-layout-flow\">\n<p>&#8221;Parasta eroseminaarissa oli vertaistuki &#8211; aivan huippuryhm\u00e4! My\u00f6s sen huomaaminen, ettei ole n\u00e4iden asioiden edess\u00e4 yksin.&#8221;<br>&#8211; mies 51v &#8211;<\/p>\n<\/blockquote>\n\n\n\n<blockquote class=\"wp-block-quote is-layout-flow wp-block-quote-is-layout-flow\">\n<p>&#8221;Eroseminaari on antanut luottamusta ja toivoa, ett\u00e4 el\u00e4m\u00e4 jatkuu eron j\u00e4lkeenkin. Olen oppinut kuinka t\u00e4rke\u00e4\u00e4 on avoimuus suhteessa. Kuinka t\u00e4rke\u00e4\u00e4 on rakastaa ja arvostaa ensin ja eniten itse\u00e4\u00e4n.&#8221;<br>&#8211; nainen 50v &#8211;<\/p>\n<\/blockquote>\n\n\n\n<blockquote class=\"wp-block-quote is-layout-flow wp-block-quote-is-layout-flow\">\n<p>&#8221;Parasta eroseminaarissa oli pieni sympaattinen ryhm\u00e4. Avoin keskustelu, hyv\u00e4t alustukset ja ryhm\u00e4n tuki.&#8221;<br>&#8211; nainen 43v &#8211;<\/p>\n<\/blockquote>\n\n\n\n<blockquote class=\"wp-block-quote is-layout-flow wp-block-quote-is-layout-flow\">\n<p>&#8221;Olen saanut eroseminaarin aikana ymm\u00e4rryst\u00e4 tunteistani ja my\u00f6s suhteestani, millainen se oli. Olen oppinut puhumaan avoimemmin tunteista. Olen my\u00f6s oppinut tunnistamaan parisuhteen eri rooleja.&#8221;<br>&#8211; mies 54v &#8211;<\/p>\n<\/blockquote>\n\n\n\n<blockquote class=\"wp-block-quote is-layout-flow wp-block-quote-is-layout-flow\">\n<p>&#8221;Eroseminaari on auttanut j\u00e4sent\u00e4m\u00e4\u00e4n asioita, eroon johtaneita syit\u00e4 ja askelmerkkej\u00e4 tulevaisuutta kohti.&#8221;<br>&#8211; nainen 58v &#8211;<\/p>\n<\/blockquote>\n\n\n\n<blockquote class=\"wp-block-quote is-layout-flow wp-block-quote-is-layout-flow\">\n<p>&#8221;Parasta eroseminaarissa oli vertaistuki, avoin keskustelukulttuuri ja koko ryhm\u00e4n tuki. Plussaa pieni ryhm\u00e4, joka edesauttoi my\u00f6s omaa asioiden jakamista.&#8221;<br>&#8211; nainen 45v &#8211;<\/p>\n<\/blockquote>\n\n\n\n<blockquote class=\"wp-block-quote is-layout-flow wp-block-quote-is-layout-flow\">\n<p>&#8221;Olen oppinut arvostamaan itse\u00e4ni. Ja tajunnut mist\u00e4 eroni on johtunut. Minusta on tullut itsevarmempi. Olen tajunnut, ett\u00e4 olen ollut liian kiltti suhteissani.&#8221;<br>&#8211; nainen 59v-<\/p>\n<\/blockquote>\n\n\n\n<blockquote class=\"wp-block-quote is-layout-flow wp-block-quote-is-layout-flow\">\n<p>&#8221;Parasta eroseminaarissa oli eroon liittyvien tunteiden l\u00e4pik\u00e4ynti perinpohjaisesti. Ryhm\u00e4 oli hyv\u00e4n kokoinen ja sen vuoksikin tapaamiset toimivia.&#8221;<br>&#8211; mies 54v &#8211;<\/p>\n<\/blockquote>\n\n\n\n<blockquote class=\"wp-block-quote is-layout-flow wp-block-quote-is-layout-flow\">\n<p>&#8221;Olen oppinut tunnistamaan ja k\u00e4sittelem\u00e4\u00e4n vihan tunteita. Olen oppinut ettei erot ole mustavalkoisia. Minusta on tullut hieman armollisemmin asioihin suhtautuva. Itsetuntemukseni on lis\u00e4\u00e4ntynyt, olen oppinut puhumaan itselleni lempe\u00e4mmin. Olen tavoittanut enemm\u00e4n sit\u00e4 mit\u00e4 haluan parisuhteelta ja saanut ev\u00e4it\u00e4 hyv\u00e4\u00e4n parisuhteeseen.&#8221;<br>&#8211; nainen 34v &#8211;<\/p>\n<\/blockquote>\n\n\n\n<blockquote class=\"wp-block-quote is-layout-flow wp-block-quote-is-layout-flow\">\n<p>&#8221;Eroseminaarissa parasta oli vertaistuki, erilaiset n\u00e4k\u00f6kulmat, konkretisoivat harjoitteet, itsens\u00e4 likoon laittaminen ja tutustuminen upeisiin ihmisiin.&#8221;<br>&#8211; nainen 58v &#8211;<\/p>\n<\/blockquote>\n\n\n\n<blockquote class=\"wp-block-quote is-layout-flow wp-block-quote-is-layout-flow\">\n<p>&#8221;Eroseminaarissa parasta oli hyvin toimiva ryhm\u00e4. Kaikki eri eron vaiheessa olevia. Vertaistuki ja ymm\u00e4rrys toisia kohtaan. Avoin ja hyv\u00e4ksyv\u00e4 ilmapiiri. Hyv\u00e4t ja t\u00e4rke\u00e4t aiheet, jotka kaikki liittyiv\u00e4t toisiinsa.&#8221;<br>&#8211; nainen 50v &#8211;<\/p>\n<\/blockquote>\n\n\n\n<blockquote class=\"wp-block-quote is-layout-flow wp-block-quote-is-layout-flow\">\n<p>&#8221;Eroseminaari ylitti odotukset. Tunnen olevani itsevarmempi ja vahvempi kuin aikoihin.&#8221;<br>&#8211; nainen 37v &#8211;<\/p>\n<\/blockquote>\n\n\n\n<blockquote class=\"wp-block-quote is-layout-flow wp-block-quote-is-layout-flow\">\n<p>&#8221;Seminaari olisi sivist\u00e4v\u00e4 ja tarpeellinen ihan jokaiselle.&#8221;<br>&#8211; nainen 55v &#8211;<\/p>\n<\/blockquote>\n\n\n\n<blockquote class=\"wp-block-quote is-layout-flow wp-block-quote-is-layout-flow\">\n<p>&#8221;Jotenkin toivoisi, ett\u00e4 useammat eronneet l\u00f6yt\u00e4isiv\u00e4t eroseminaarin.&#8221;<br>&#8211; mies 51v &#8211;<\/p>\n<\/blockquote>\n\n\n\n<blockquote class=\"wp-block-quote is-layout-flow wp-block-quote-is-layout-flow\">\n<p>&#8221;Kiitokset unohtumattomasta kurssista! T\u00e4m\u00e4 antaa hyv\u00e4t ev\u00e4\u00e4t vied\u00e4 omaa el\u00e4m\u00e4\u00e4 siihen suuntaan, mik\u00e4 on itselle sopivinta.&#8221;<br>&#8211; mies 54v &#8211;<\/p>\n<\/blockquote>\n\n\n\n<blockquote class=\"wp-block-quote is-layout-flow wp-block-quote-is-layout-flow\">\n<p>&#8221;Mari on juuri oikea ihminen eroseminaarin ohjaajaksi. L\u00e4mmin, huumorintajuinen, omaa kokemusta omaava, helposti l\u00e4hestytt\u00e4v\u00e4.&#8221;<br>&#8211; nainen 46v &#8211;<\/p>\n<\/blockquote>\n\n\n\n<blockquote class=\"wp-block-quote is-layout-flow wp-block-quote-is-layout-flow\">\n<p>\u201dToivottavasti mahdollisimman monet p\u00e4\u00e4sev\u00e4t kokemaan t\u00e4m\u00e4n sun eroseminaarin.\u201d<br>&#8211; mies 45v &#8211;<\/p>\n<\/blockquote>\n","protected":false},"excerpt":{"rendered":"<p>Eroseminaari on koulutetun ammattilaisen ohjaama vertaistukiryhm\u00e4 ja menetelm\u00e4 parisuhteen p\u00e4\u00e4ttymisen ty\u00f6st\u00e4miseksi. T\u00e4m\u00e4 eroauttamisen menetelm\u00e4 todella toimii, kun haluat el\u00e4m\u00e4si kuntoon eron j\u00e4lkeen! Eroseminaarissa on yhteens\u00e4 11 tapaamista, aina kolme tuntia &hellip; <\/p>\n","protected":false},"author":1,"featured_media":0,"parent":0,"menu_order":0,"comment_status":"closed","ping_status":"closed","template":"","meta":{"footnotes":""},"class_list":["post-17","page","type-page","status-publish","hentry","has-meta has-sticky-meta"],"yoast_head":"<!-- This site is optimized with the Yoast SEO plugin v27.5 - https:\/\/yoast.com\/product\/yoast-seo-wordpress\/ -->\n<title>Eroseminaari - Mari Moilanen<\/title>\n<meta name=\"robots\" content=\"index, follow, max-snippet:-1, max-image-preview:large, max-video-preview:-1\" \/>\n<link rel=\"canonical\" href=\"https:\/\/marimoilanen.fi\/index.php\/eroseminaari\/\" \/>\n<meta property=\"og:locale\" content=\"fi_FI\" \/>\n<meta property=\"og:type\" content=\"article\" \/>\n<meta property=\"og:title\" content=\"Eroseminaari - Mari Moilanen\" \/>\n<meta property=\"og:description\" content=\"Eroseminaari on koulutetun ammattilaisen ohjaama vertaistukiryhm\u00e4 ja menetelm\u00e4 parisuhteen p\u00e4\u00e4ttymisen ty\u00f6st\u00e4miseksi. T\u00e4m\u00e4 eroauttamisen menetelm\u00e4 todella toimii, kun haluat el\u00e4m\u00e4si kuntoon eron j\u00e4lkeen! Eroseminaarissa on yhteens\u00e4 11 tapaamista, aina kolme tuntia &hellip;\" \/>\n<meta property=\"og:url\" content=\"https:\/\/marimoilanen.fi\/index.php\/eroseminaari\/\" \/>\n<meta property=\"og:site_name\" content=\"Mari Moilanen\" \/>\n<meta property=\"article:modified_time\" content=\"2026-04-09T17:18:50+00:00\" \/>\n<meta property=\"og:image\" content=\"https:\/\/marimoilanen.fi\/wp-content\/uploads\/2026\/04\/Eroseminaari-Tunnus-Kananmuna-Maapahkinavoi-Web-1.png\" \/>\n\t<meta property=\"og:image:width\" content=\"2500\" \/>\n\t<meta property=\"og:image:height\" content=\"880\" \/>\n\t<meta property=\"og:image:type\" content=\"image\/png\" \/>\n<meta name=\"twitter:card\" content=\"summary_large_image\" \/>\n<meta name=\"twitter:label1\" content=\"Arvioitu lukuaika\" \/>\n\t<meta name=\"twitter:data1\" content=\"3 minuuttia\" \/>\n<script type=\"application\/ld+json\" class=\"yoast-schema-graph\">{\"@context\":\"https:\\\/\\\/schema.org\",\"@graph\":[{\"@type\":\"WebPage\",\"@id\":\"https:\\\/\\\/marimoilanen.fi\\\/index.php\\\/eroseminaari\\\/\",\"url\":\"https:\\\/\\\/marimoilanen.fi\\\/index.php\\\/eroseminaari\\\/\",\"name\":\"Eroseminaari - Mari Moilanen\",\"isPartOf\":{\"@id\":\"https:\\\/\\\/marimoilanen.fi\\\/#website\"},\"primaryImageOfPage\":{\"@id\":\"https:\\\/\\\/marimoilanen.fi\\\/index.php\\\/eroseminaari\\\/#primaryimage\"},\"image\":{\"@id\":\"https:\\\/\\\/marimoilanen.fi\\\/index.php\\\/eroseminaari\\\/#primaryimage\"},\"thumbnailUrl\":\"https:\\\/\\\/marimoilanen.fi\\\/wp-content\\\/uploads\\\/2026\\\/04\\\/Eroseminaari-Tunnus-Kananmuna-Maapahkinavoi-Web-1-1024x360.png\",\"datePublished\":\"2023-11-08T16:29:43+00:00\",\"dateModified\":\"2026-04-09T17:18:50+00:00\",\"breadcrumb\":{\"@id\":\"https:\\\/\\\/marimoilanen.fi\\\/index.php\\\/eroseminaari\\\/#breadcrumb\"},\"inLanguage\":\"fi\",\"potentialAction\":[{\"@type\":\"ReadAction\",\"target\":[\"https:\\\/\\\/marimoilanen.fi\\\/index.php\\\/eroseminaari\\\/\"]}]},{\"@type\":\"ImageObject\",\"inLanguage\":\"fi\",\"@id\":\"https:\\\/\\\/marimoilanen.fi\\\/index.php\\\/eroseminaari\\\/#primaryimage\",\"url\":\"https:\\\/\\\/marimoilanen.fi\\\/wp-content\\\/uploads\\\/2026\\\/04\\\/Eroseminaari-Tunnus-Kananmuna-Maapahkinavoi-Web-1.png\",\"contentUrl\":\"https:\\\/\\\/marimoilanen.fi\\\/wp-content\\\/uploads\\\/2026\\\/04\\\/Eroseminaari-Tunnus-Kananmuna-Maapahkinavoi-Web-1.png\",\"width\":2500,\"height\":880},{\"@type\":\"BreadcrumbList\",\"@id\":\"https:\\\/\\\/marimoilanen.fi\\\/index.php\\\/eroseminaari\\\/#breadcrumb\",\"itemListElement\":[{\"@type\":\"ListItem\",\"position\":1,\"name\":\"Etusivu\",\"item\":\"https:\\\/\\\/marimoilanen.fi\\\/\"},{\"@type\":\"ListItem\",\"position\":2,\"name\":\"Eroseminaari\"}]},{\"@type\":\"WebSite\",\"@id\":\"https:\\\/\\\/marimoilanen.fi\\\/#website\",\"url\":\"https:\\\/\\\/marimoilanen.fi\\\/\",\"name\":\"Mari Moilanen\",\"description\":\"&Auml;l&auml; j&auml;&auml; erokriisin kanssa yksin.\",\"potentialAction\":[{\"@type\":\"SearchAction\",\"target\":{\"@type\":\"EntryPoint\",\"urlTemplate\":\"https:\\\/\\\/marimoilanen.fi\\\/?s={search_term_string}\"},\"query-input\":{\"@type\":\"PropertyValueSpecification\",\"valueRequired\":true,\"valueName\":\"search_term_string\"}}],\"inLanguage\":\"fi\"}]}<\/script>\n<!-- \/ Yoast SEO plugin. -->","yoast_head_json":{"title":"Eroseminaari - Mari Moilanen","robots":{"index":"index","follow":"follow","max-snippet":"max-snippet:-1","max-image-preview":"max-image-preview:large","max-video-preview":"max-video-preview:-1"},"canonical":"https:\/\/marimoilanen.fi\/index.php\/eroseminaari\/","og_locale":"fi_FI","og_type":"article","og_title":"Eroseminaari - Mari Moilanen","og_description":"Eroseminaari on koulutetun ammattilaisen ohjaama vertaistukiryhm\u00e4 ja menetelm\u00e4 parisuhteen p\u00e4\u00e4ttymisen ty\u00f6st\u00e4miseksi. T\u00e4m\u00e4 eroauttamisen menetelm\u00e4 todella toimii, kun haluat el\u00e4m\u00e4si kuntoon eron j\u00e4lkeen! Eroseminaarissa on yhteens\u00e4 11 tapaamista, aina kolme tuntia &hellip;","og_url":"https:\/\/marimoilanen.fi\/index.php\/eroseminaari\/","og_site_name":"Mari Moilanen","article_modified_time":"2026-04-09T17:18:50+00:00","og_image":[{"width":2500,"height":880,"url":"https:\/\/marimoilanen.fi\/wp-content\/uploads\/2026\/04\/Eroseminaari-Tunnus-Kananmuna-Maapahkinavoi-Web-1.png","type":"image\/png"}],"twitter_card":"summary_large_image","twitter_misc":{"Arvioitu lukuaika":"3 minuuttia"},"schema":{"@context":"https:\/\/schema.org","@graph":[{"@type":"WebPage","@id":"https:\/\/marimoilanen.fi\/index.php\/eroseminaari\/","url":"https:\/\/marimoilanen.fi\/index.php\/eroseminaari\/","name":"Eroseminaari - Mari Moilanen","isPartOf":{"@id":"https:\/\/marimoilanen.fi\/#website"},"primaryImageOfPage":{"@id":"https:\/\/marimoilanen.fi\/index.php\/eroseminaari\/#primaryimage"},"image":{"@id":"https:\/\/marimoilanen.fi\/index.php\/eroseminaari\/#primaryimage"},"thumbnailUrl":"https:\/\/marimoilanen.fi\/wp-content\/uploads\/2026\/04\/Eroseminaari-Tunnus-Kananmuna-Maapahkinavoi-Web-1-1024x360.png","datePublished":"2023-11-08T16:29:43+00:00","dateModified":"2026-04-09T17:18:50+00:00","breadcrumb":{"@id":"https:\/\/marimoilanen.fi\/index.php\/eroseminaari\/#breadcrumb"},"inLanguage":"fi","potentialAction":[{"@type":"ReadAction","target":["https:\/\/marimoilanen.fi\/index.php\/eroseminaari\/"]}]},{"@type":"ImageObject","inLanguage":"fi","@id":"https:\/\/marimoilanen.fi\/index.php\/eroseminaari\/#primaryimage","url":"https:\/\/marimoilanen.fi\/wp-content\/uploads\/2026\/04\/Eroseminaari-Tunnus-Kananmuna-Maapahkinavoi-Web-1.png","contentUrl":"https:\/\/marimoilanen.fi\/wp-content\/uploads\/2026\/04\/Eroseminaari-Tunnus-Kananmuna-Maapahkinavoi-Web-1.png","width":2500,"height":880},{"@type":"BreadcrumbList","@id":"https:\/\/marimoilanen.fi\/index.php\/eroseminaari\/#breadcrumb","itemListElement":[{"@type":"ListItem","position":1,"name":"Etusivu","item":"https:\/\/marimoilanen.fi\/"},{"@type":"ListItem","position":2,"name":"Eroseminaari"}]},{"@type":"WebSite","@id":"https:\/\/marimoilanen.fi\/#website","url":"https:\/\/marimoilanen.fi\/","name":"Mari Moilanen","description":"&Auml;l&auml; j&auml;&auml; erokriisin kanssa yksin.","potentialAction":[{"@type":"SearchAction","target":{"@type":"EntryPoint","urlTemplate":"https:\/\/marimoilanen.fi\/?s={search_term_string}"},"query-input":{"@type":"PropertyValueSpecification","valueRequired":true,"valueName":"search_term_string"}}],"inLanguage":"fi"}]}},"jetpack_sharing_enabled":true,"_links":{"self":[{"href":"https:\/\/marimoilanen.fi\/index.php\/wp-json\/wp\/v2\/pages\/17","targetHints":{"allow":["GET"]}}],"collection":[{"href":"https:\/\/marimoilanen.fi\/index.php\/wp-json\/wp\/v2\/pages"}],"about":[{"href":"https:\/\/marimoilanen.fi\/index.php\/wp-json\/wp\/v2\/types\/page"}],"author":[{"embeddable":true,"href":"https:\/\/marimoilanen.fi\/index.php\/wp-json\/wp\/v2\/users\/1"}],"replies":[{"embeddable":true,"href":"https:\/\/marimoilanen.fi\/index.php\/wp-json\/wp\/v2\/comments?post=17"}],"version-history":[{"count":49,"href":"https:\/\/marimoilanen.fi\/index.php\/wp-json\/wp\/v2\/pages\/17\/revisions"}],"predecessor-version":[{"id":467,"href":"https:\/\/marimoilanen.fi\/index.php\/wp-json\/wp\/v2\/pages\/17\/revisions\/467"}],"wp:attachment":[{"href":"https:\/\/marimoilanen.fi\/index.php\/wp-json\/wp\/v2\/media?parent=17"}],"curies":[{"name":"wp","href":"https:\/\/api.w.org\/{rel}","templated":true}]}}